{"id":16093,"date":"2020-04-20T16:18:44","date_gmt":"2020-04-20T14:18:44","guid":{"rendered":"https:\/\/connectorworldtrade.com\/?post_type=product&#038;p=16093"},"modified":"2022-10-28T16:22:09","modified_gmt":"2022-10-28T14:22:09","slug":"polystyrene-cutter-hsgm-styrocut-1800-watt","status":"publish","type":"product","link":"https:\/\/connectorworldtrade.com\/en\/product\/polystyrene-cutter-hsgm-styrocut-1800-watt\/","title":{"rendered":"Polystyrene cutter (mobile)<br\/>HSGM STYROCUT- 1800 Watt"},"content":{"rendered":"<p><strong>Specifications:<\/strong><\/p>\n<div class=\"page\" title=\"Page 4\">\n<div class=\"section\">\n<div class=\"layoutArea\">\n<div class=\"column\">\n<ul>\n<li>Ready to use in seconds<\/li>\n<li>Developed for\u00a0<strong>\u201cContinuous operation\u201d<\/strong>\u00a0(100%)<\/li>\n<li>Working temperature: infinitely adjustable up to max.\u00a0<strong>500 \u00b0C (932 \u00b0F)<\/strong><\/li>\n<li>Supply voltage: 230 Volt \u2013 50Hz (110 Volt on request)<\/li>\n<li>Power input: <strong>1800 Watt<\/strong><\/li>\n<li>Equipped with surge protection<\/li>\n<li>Power cord: length 2 meters (79 inch) with EU-safety plug<\/li>\n<li>Flexible cable of max. 6 meters (236 inch) between \u201cCutting bracket\u201d and \u201cTransformer\u201d<\/li>\n<li>Cuts plates up to max.\u00a0<strong>180 cm (71 inch) in length<\/strong><\/li>\n<li>Cutting wire easy to change<\/li>\n<li>No more electrostatically charged styrofoam dust\/particles<\/li>\n<li>Weight: <strong>38.8\u00a0Kg<\/strong> (transformer without cutting bracket)<\/li>\n<li>Dimensions transformer: 41 x 35 x 33 cm (16.14 x 13.78 x 12.99 inch)<\/li>\n<\/ul>\n<\/div>\n<\/div>\n<\/div>\n<\/div>\n","protected":false},"excerpt":{"rendered":"<p>The HSGM STYROCUT &#8211; 1800 Watt is a professional cutter specially designed to cut<br \/>\n<strong>very large boards &amp; blocks <\/strong>made of <strong>Polystyrene Foam <\/strong>also known as Styrofoam,<br \/>\nEPS, XPS, Tempex, ISOMO, Blue Board, Rigid Foam and other comparable insulating<br \/>\nmaterials by using a heated cutting wire.<\/p>\n<p>This powerful, stable and user-friendly cutter is very suitable for <strong>cutting, separating<br \/>\nprocessing and modeling <\/strong>Polystyrene material in single- or serial production.<\/p>\n<p>The transformer housing (see photo: 2) is made of plastic-coated sheet steel and is<br \/>\n<strong>mobile by wheels<\/strong>. With this <strong>industrial Heavy Duty cutter<\/strong> you easily cut through<br \/>\nlarge material with a maximum length of <strong>180 cm<\/strong> <strong>(71 inch)<\/strong>.<\/p>\n<p>Because this professional cutter is equipped with <strong>2 High current Dinse-sockets<\/strong><br \/>\n<strong>(HK1 &amp; HK2) <\/strong>for connection with <strong>Dinse-plugs<\/strong> you have the following connection-options:<\/p>\n<p><strong>2 cutting brackets<\/strong>\u00a0using at the same time, or<br \/>\n<strong>2 modeling handles<\/strong>\u00a0using at the same time, or<br \/>\n<strong>1 cutting bracket &amp; 1 modeling handle<\/strong>\u00a0using at the same time.<\/p>\n<p>You can use this cutter in <strong>two ways,<\/strong> namely with the <strong>bracket with cutting wire, <\/strong>where you<br \/>\ncan choose from <strong>7 various sizes of cutting brackets <\/strong>with the following dimensions (see photo 3).<\/p>\n<p>\u2014\u2014\u2014\u2014\u2014&#8212;&#8212;length x depth \u2014\u2014\u2014\u2014\u2014\u2014\u2014\u2014\u2014\u2014\u2014\u2014\u2014\u2014\u2014\u2014\u2014\u2014\u2014\u2014\u2014\u2014\u2014\u2014\u2014\u2014\u2014\u2014\u2014\u2014\u2014<br \/>\nCutting bracket 1:\u00a0 \u00a0<strong>60 x 40 cm<\/strong>\u00a0 \u00a0(<strong>23.62 x 15,75 inch<\/strong>)<br \/>\nCutting bracket 2:\u00a0 \u00a0<strong>90 x 100 cm<\/strong> (<strong>35.43 x 39.37 inch<\/strong>)<br \/>\nCutting bracket 3: <strong>100 x 90 cm<\/strong>\u00a0 \u00a0(<strong>39.37 x 35.43 inch<\/strong>)<br \/>\nCutting bracket 4: <strong>120 x 80 cm<\/strong>\u00a0 \u00a0(<strong>47.24 x 31.50 inch<\/strong>)<br \/>\nCutting bracket 5: <strong>150 x 75 cm<\/strong>\u00a0 \u00a0(<strong>59.60 x 29.53 inch<\/strong>)<br \/>\nCutting bracket 6: <strong>160 x 70 cm<\/strong>\u00a0 \u00a0(<strong>63.00 x 27.56 inch<\/strong>)<br \/>\nCutting bracket 7: <strong>180 x 60 cm\u00a0 \u00a0<\/strong>(<strong>70.87 x 23.62 inch<\/strong>)<\/p>\n<p>And with the <strong>modeling handle<\/strong>\u00a0(see photo: 4).<br \/>\nYou can choose from 3 different diameters of cutting wire, namely:<br \/>\n<strong>\u00d8 1.6 mm \u00d8 2.2 mm &#8211; \u00d8 3.0 mm<\/strong>, which you can cut to the right<br \/>\nlength with pliers and then bend into the desired shape.<\/p>\n<p>Furthermore, it is also possible to design <strong>Customized cutting brackets<\/strong><br \/>\nto your specific wishes &amp; dimensions (<strong>Custom-Made<\/strong>).<\/p>\n<p>This professional cutter is a very useful and handy tool for <strong>Sculptors<\/strong>, <strong>Artists<\/strong>, <strong>Designers<\/strong>,<br \/>\n<strong>Decor builders\/designers<\/strong>, <strong>Film set builders\/designers<\/strong>, <strong>Props builders<\/strong> for <strong>Trade Fairs<\/strong><br \/>\n&amp; <strong>Amusement parks<\/strong>, <strong>Model builders<\/strong>, <strong>Designers of floats<\/strong> for <strong>Carnival parades <\/strong>&amp; <strong>Flower<br \/>\nparades<\/strong> and for <strong>Craftsmen<\/strong> who work with polystyrene in e.g. the <strong>Construction sector<\/strong> and<br \/>\nmany other <strong>industrial-<\/strong> and <strong>creative sectors<\/strong>.<\/p>\n<p>[av_button label='Download brochure' link='manually,https:\/\/connectorworldtrade.com\/wp-content\/uploads\/2020\/05\/Catalog-HSGM-STYRO-CUT-SFS_E-Polystyrene-cutter-ENG.pdf' link_target='_blank' size='medium' position='left' icon_select='yes' icon='ue84e' font='entypo-fontello' color='blue' custom_bg='#444444' custom_font='#ffffff'] [av_button label='Contact us for information' link='manually,https:\/\/connectorworldtrade.com\/en\/contact\/' link_target='' size='medium' position='left' label_display='' icon_select='no' icon='ue800' font='entypo-fontello' color='custom' custom_bg='#ed3f00' custom_font='#ffffff' av_uid='' admin_preview_bg='']<\/p>\n","protected":false},"featured_media":16095,"comment_status":"closed","ping_status":"closed","template":"","meta":{"_acf_changed":false},"product_brand":[],"product_cat":[396,397],"product_tag":[428],"class_list":{"0":"post-16093","1":"product","2":"type-product","3":"status-publish","4":"has-post-thumbnail","6":"product_cat-industrial-cutters-hsgm","7":"product_cat-polystyrene-cutters-hsgm","8":"product_tag-hsgm-en","9":"product_shipping_class-standard","11":"first","12":"instock","13":"featured","14":"taxable","15":"shipping-taxable","16":"product-type-simple"},"acf":[],"yoast_head":"<!-- This site is optimized with the Yoast SEO plugin v27.3 - https:\/\/yoast.com\/product\/yoast-seo-wordpress\/ -->\n<title>Polystyrene cutter - HSGM STYROCUT 1800 Watt<\/title>\n<meta name=\"description\" content=\"HSGM STYROCUT polystyrene cutter is a professional cutter for continuous use, designed to cut Styrofoam, EPS, XPS, Polystyrene, Tempex &amp; Rigid foam boards.\" \/>\n<meta name=\"robots\" content=\"index, follow, max-snippet:-1, max-image-preview:large, max-video-preview:-1\" \/>\n<link rel=\"canonical\" href=\"https:\/\/connectorworldtrade.com\/en\/product\/polystyrene-cutter-hsgm-styrocut-1800-watt\/\" \/>\n<meta property=\"og:locale\" content=\"en_US\" \/>\n<meta property=\"og:type\" content=\"article\" \/>\n<meta property=\"og:title\" content=\"Polystyrene cutter - HSGM STYROCUT 1800 Watt\" \/>\n<meta property=\"og:description\" content=\"HSGM STYROCUT polystyrene cutter is a professional cutter for continuous use, designed to cut Styrofoam, EPS, XPS, Polystyrene, Tempex &amp; Rigid foam boards.\" \/>\n<meta property=\"og:url\" content=\"https:\/\/connectorworldtrade.com\/en\/product\/polystyrene-cutter-hsgm-styrocut-1800-watt\/\" \/>\n<meta property=\"og:site_name\" content=\"Connector World Trade\" \/>\n<meta property=\"article:modified_time\" content=\"2022-10-28T14:22:09+00:00\" \/>\n<meta property=\"og:image\" content=\"https:\/\/connectorworldtrade.com\/wp-content\/uploads\/2020\/04\/HSGM-STYRO-CUT-SFS_E_shop.jpg\" \/>\n\t<meta property=\"og:image:width\" content=\"1000\" \/>\n\t<meta property=\"og:image:height\" content=\"1000\" \/>\n\t<meta property=\"og:image:type\" content=\"image\/jpeg\" \/>\n<meta name=\"twitter:card\" content=\"summary_large_image\" \/>\n<meta name=\"twitter:label1\" content=\"Est. reading time\" \/>\n\t<meta name=\"twitter:data1\" content=\"1 minute\" \/>\n<script type=\"application\/ld+json\" class=\"yoast-schema-graph\">{\"@context\":\"https:\\\/\\\/schema.org\",\"@graph\":[{\"@type\":\"WebPage\",\"@id\":\"https:\\\/\\\/connectorworldtrade.com\\\/en\\\/product\\\/polystyrene-cutter-hsgm-styrocut-1800-watt\\\/\",\"url\":\"https:\\\/\\\/connectorworldtrade.com\\\/en\\\/product\\\/polystyrene-cutter-hsgm-styrocut-1800-watt\\\/\",\"name\":\"Polystyrene cutter - HSGM STYROCUT 1800 Watt\",\"isPartOf\":{\"@id\":\"https:\\\/\\\/connectorworldtrade.com\\\/en\\\/#website\"},\"primaryImageOfPage\":{\"@id\":\"https:\\\/\\\/connectorworldtrade.com\\\/en\\\/product\\\/polystyrene-cutter-hsgm-styrocut-1800-watt\\\/#primaryimage\"},\"image\":{\"@id\":\"https:\\\/\\\/connectorworldtrade.com\\\/en\\\/product\\\/polystyrene-cutter-hsgm-styrocut-1800-watt\\\/#primaryimage\"},\"thumbnailUrl\":\"https:\\\/\\\/connectorworldtrade.com\\\/wp-content\\\/uploads\\\/2020\\\/04\\\/HSGM-STYRO-CUT-SFS_E_shop.jpg\",\"datePublished\":\"2020-04-20T14:18:44+00:00\",\"dateModified\":\"2022-10-28T14:22:09+00:00\",\"description\":\"HSGM STYROCUT polystyrene cutter is a professional cutter for continuous use, designed to cut Styrofoam, EPS, XPS, Polystyrene, Tempex & Rigid foam boards.\",\"breadcrumb\":{\"@id\":\"https:\\\/\\\/connectorworldtrade.com\\\/en\\\/product\\\/polystyrene-cutter-hsgm-styrocut-1800-watt\\\/#breadcrumb\"},\"inLanguage\":\"en-US\",\"potentialAction\":[{\"@type\":\"ReadAction\",\"target\":[\"https:\\\/\\\/connectorworldtrade.com\\\/en\\\/product\\\/polystyrene-cutter-hsgm-styrocut-1800-watt\\\/\"]}]},{\"@type\":\"ImageObject\",\"inLanguage\":\"en-US\",\"@id\":\"https:\\\/\\\/connectorworldtrade.com\\\/en\\\/product\\\/polystyrene-cutter-hsgm-styrocut-1800-watt\\\/#primaryimage\",\"url\":\"https:\\\/\\\/connectorworldtrade.com\\\/wp-content\\\/uploads\\\/2020\\\/04\\\/HSGM-STYRO-CUT-SFS_E_shop.jpg\",\"contentUrl\":\"https:\\\/\\\/connectorworldtrade.com\\\/wp-content\\\/uploads\\\/2020\\\/04\\\/HSGM-STYRO-CUT-SFS_E_shop.jpg\",\"width\":1000,\"height\":1000,\"caption\":\"HSGM STYRO-CUT-SFS\\\/E Polystyrene cutter\"},{\"@type\":\"BreadcrumbList\",\"@id\":\"https:\\\/\\\/connectorworldtrade.com\\\/en\\\/product\\\/polystyrene-cutter-hsgm-styrocut-1800-watt\\\/#breadcrumb\",\"itemListElement\":[{\"@type\":\"ListItem\",\"position\":1,\"name\":\"Home\",\"item\":\"https:\\\/\\\/connectorworldtrade.com\\\/en\\\/\"},{\"@type\":\"ListItem\",\"position\":2,\"name\":\"Shop\",\"item\":\"https:\\\/\\\/connectorworldtrade.com\\\/en\\\/shop\\\/\"},{\"@type\":\"ListItem\",\"position\":3,\"name\":\"Polystyrene cutter (mobile)HSGM STYROCUT- 1800 Watt\"}]},{\"@type\":\"WebSite\",\"@id\":\"https:\\\/\\\/connectorworldtrade.com\\\/en\\\/#website\",\"url\":\"https:\\\/\\\/connectorworldtrade.com\\\/en\\\/\",\"name\":\"Connector World Trade\",\"description\":\"Connector World Trade\",\"potentialAction\":[{\"@type\":\"SearchAction\",\"target\":{\"@type\":\"EntryPoint\",\"urlTemplate\":\"https:\\\/\\\/connectorworldtrade.com\\\/en\\\/?s={search_term_string}\"},\"query-input\":{\"@type\":\"PropertyValueSpecification\",\"valueRequired\":true,\"valueName\":\"search_term_string\"}}],\"inLanguage\":\"en-US\"}]}<\/script>\n<!-- \/ Yoast SEO plugin. -->","yoast_head_json":{"title":"Polystyrene cutter - HSGM STYROCUT 1800 Watt","description":"HSGM STYROCUT polystyrene cutter is a professional cutter for continuous use, designed to cut Styrofoam, EPS, XPS, Polystyrene, Tempex & Rigid foam boards.","robots":{"index":"index","follow":"follow","max-snippet":"max-snippet:-1","max-image-preview":"max-image-preview:large","max-video-preview":"max-video-preview:-1"},"canonical":"https:\/\/connectorworldtrade.com\/en\/product\/polystyrene-cutter-hsgm-styrocut-1800-watt\/","og_locale":"en_US","og_type":"article","og_title":"Polystyrene cutter - HSGM STYROCUT 1800 Watt","og_description":"HSGM STYROCUT polystyrene cutter is a professional cutter for continuous use, designed to cut Styrofoam, EPS, XPS, Polystyrene, Tempex & Rigid foam boards.","og_url":"https:\/\/connectorworldtrade.com\/en\/product\/polystyrene-cutter-hsgm-styrocut-1800-watt\/","og_site_name":"Connector World Trade","article_modified_time":"2022-10-28T14:22:09+00:00","og_image":[{"width":1000,"height":1000,"url":"https:\/\/connectorworldtrade.com\/wp-content\/uploads\/2020\/04\/HSGM-STYRO-CUT-SFS_E_shop.jpg","type":"image\/jpeg"}],"twitter_card":"summary_large_image","twitter_misc":{"Est. reading time":"1 minute"},"schema":{"@context":"https:\/\/schema.org","@graph":[{"@type":"WebPage","@id":"https:\/\/connectorworldtrade.com\/en\/product\/polystyrene-cutter-hsgm-styrocut-1800-watt\/","url":"https:\/\/connectorworldtrade.com\/en\/product\/polystyrene-cutter-hsgm-styrocut-1800-watt\/","name":"Polystyrene cutter - HSGM STYROCUT 1800 Watt","isPartOf":{"@id":"https:\/\/connectorworldtrade.com\/en\/#website"},"primaryImageOfPage":{"@id":"https:\/\/connectorworldtrade.com\/en\/product\/polystyrene-cutter-hsgm-styrocut-1800-watt\/#primaryimage"},"image":{"@id":"https:\/\/connectorworldtrade.com\/en\/product\/polystyrene-cutter-hsgm-styrocut-1800-watt\/#primaryimage"},"thumbnailUrl":"https:\/\/connectorworldtrade.com\/wp-content\/uploads\/2020\/04\/HSGM-STYRO-CUT-SFS_E_shop.jpg","datePublished":"2020-04-20T14:18:44+00:00","dateModified":"2022-10-28T14:22:09+00:00","description":"HSGM STYROCUT polystyrene cutter is a professional cutter for continuous use, designed to cut Styrofoam, EPS, XPS, Polystyrene, Tempex & Rigid foam boards.","breadcrumb":{"@id":"https:\/\/connectorworldtrade.com\/en\/product\/polystyrene-cutter-hsgm-styrocut-1800-watt\/#breadcrumb"},"inLanguage":"en-US","potentialAction":[{"@type":"ReadAction","target":["https:\/\/connectorworldtrade.com\/en\/product\/polystyrene-cutter-hsgm-styrocut-1800-watt\/"]}]},{"@type":"ImageObject","inLanguage":"en-US","@id":"https:\/\/connectorworldtrade.com\/en\/product\/polystyrene-cutter-hsgm-styrocut-1800-watt\/#primaryimage","url":"https:\/\/connectorworldtrade.com\/wp-content\/uploads\/2020\/04\/HSGM-STYRO-CUT-SFS_E_shop.jpg","contentUrl":"https:\/\/connectorworldtrade.com\/wp-content\/uploads\/2020\/04\/HSGM-STYRO-CUT-SFS_E_shop.jpg","width":1000,"height":1000,"caption":"HSGM STYRO-CUT-SFS\/E Polystyrene cutter"},{"@type":"BreadcrumbList","@id":"https:\/\/connectorworldtrade.com\/en\/product\/polystyrene-cutter-hsgm-styrocut-1800-watt\/#breadcrumb","itemListElement":[{"@type":"ListItem","position":1,"name":"Home","item":"https:\/\/connectorworldtrade.com\/en\/"},{"@type":"ListItem","position":2,"name":"Shop","item":"https:\/\/connectorworldtrade.com\/en\/shop\/"},{"@type":"ListItem","position":3,"name":"Polystyrene cutter (mobile)HSGM STYROCUT- 1800 Watt"}]},{"@type":"WebSite","@id":"https:\/\/connectorworldtrade.com\/en\/#website","url":"https:\/\/connectorworldtrade.com\/en\/","name":"Connector World Trade","description":"Connector World Trade","potentialAction":[{"@type":"SearchAction","target":{"@type":"EntryPoint","urlTemplate":"https:\/\/connectorworldtrade.com\/en\/?s={search_term_string}"},"query-input":{"@type":"PropertyValueSpecification","valueRequired":true,"valueName":"search_term_string"}}],"inLanguage":"en-US"}]}},"_links":{"self":[{"href":"https:\/\/connectorworldtrade.com\/en\/wp-json\/wp\/v2\/product\/16093","targetHints":{"allow":["GET"]}}],"collection":[{"href":"https:\/\/connectorworldtrade.com\/en\/wp-json\/wp\/v2\/product"}],"about":[{"href":"https:\/\/connectorworldtrade.com\/en\/wp-json\/wp\/v2\/types\/product"}],"replies":[{"embeddable":true,"href":"https:\/\/connectorworldtrade.com\/en\/wp-json\/wp\/v2\/comments?post=16093"}],"wp:featuredmedia":[{"embeddable":true,"href":"https:\/\/connectorworldtrade.com\/en\/wp-json\/wp\/v2\/media\/16095"}],"wp:attachment":[{"href":"https:\/\/connectorworldtrade.com\/en\/wp-json\/wp\/v2\/media?parent=16093"}],"wp:term":[{"taxonomy":"product_brand","embeddable":true,"href":"https:\/\/connectorworldtrade.com\/en\/wp-json\/wp\/v2\/product_brand?post=16093"},{"taxonomy":"product_cat","embeddable":true,"href":"https:\/\/connectorworldtrade.com\/en\/wp-json\/wp\/v2\/product_cat?post=16093"},{"taxonomy":"product_tag","embeddable":true,"href":"https:\/\/connectorworldtrade.com\/en\/wp-json\/wp\/v2\/product_tag?post=16093"}],"curies":[{"name":"wp","href":"https:\/\/api.w.org\/{rel}","templated":true}]}}