{"id":16915,"date":"2020-12-21T15:39:32","date_gmt":"2020-12-21T14:39:33","guid":{"rendered":"https:\/\/connectorworldtrade.com\/?post_type=product&#038;p=16915"},"modified":"2020-12-22T13:43:31","modified_gmt":"2020-12-22T12:43:31","slug":"hsgm-dyneema-ru-blades-o-3mm-till-o-160mm","status":"publish","type":"product","link":"https:\/\/connectorworldtrade.com\/en\/product\/hsgm-dyneema-ru-blades-o-3mm-till-o-160mm\/","title":{"rendered":"HSGM Dyneema RU blades<br\/>\u00d8 3 mm till \u00d8 160 mm"},"content":{"rendered":"<p>The <strong>&#8220;RU blades&#8221; <\/strong>mentioned below fit the following type Dyneema cutters,<br \/>\npay attention! this depends on the diameter of the blade:<\/p>\n<p><a href=\"https:\/\/connectorworldtrade.com\/en\/product\/industrial-dyneema-cutter-hsgm-hsg-03-vw-250-watt\/\" target=\"_blank\" rel=\"noopener\"><strong>HSG-03-VW<\/strong><\/a> = RU blade with diameter from \u00d8 3mm till <strong>&#8220;max.\u00a0\u00a0 60mm&#8221;<\/strong><br \/>\n<a href=\"https:\/\/connectorworldtrade.com\/en\/product\/industrial-dyneema-cutterhsgm-hsg-03-vw-500-watt\/\" target=\"_blank\" rel=\"noopener\"><strong>HSG-3-VW<\/strong>\u00a0\u00a0<\/a> = RU blade with diameter from \u00d8 3mm till <strong>&#8220;max. 160mm&#8221;<\/strong><\/p>\n","protected":false},"excerpt":{"rendered":"<p><strong>Application:<br \/>\n<\/strong>Custom-Made Dyneema blade to cut and seal a <strong>&#8220;hole\/circle&#8221;<\/strong><br \/>\nin very heavily woven, tough and thick Dyneema fabrics.<\/p>\n<p><strong>Pay attention!<\/strong><br \/>\nBlades with a certain diameter fit certain types of cutters.<br \/>\nSee the overview below.<\/p>\n<p>Specify your size!<br \/>\nDiameter = from min. <strong>\u00d8 3 mm<\/strong> to max. <strong>\u00d8 160 mm<\/strong>.<\/p>\n<p>Contact us by email or phone<br \/>\nfor the right size, price &amp; delivery time.<\/p>\n[av_button label='Demo video' link='manually,https:\/\/www.youtube.com\/watch?v=be73E89zUHo' link_target='_blank' size='medium' position='left' icon_select='yes' icon='ue80d' font='entypo-fontello' color='blue' custom_bg='#444444' custom_font='#ffffff']\n[av_button label='Contact us for information' link='manually,https:\/\/connectorworldtrade.com\/en\/contact\/' link_target='' size='medium' position='left' label_display='' icon_select='no' icon='ue800' font='entypo-fontello' color='custom' custom_bg='#ed3f00' custom_font='#ffffff' av_uid='' admin_preview_bg='']\n","protected":false},"featured_media":9520,"comment_status":"closed","ping_status":"closed","template":"","meta":{"_acf_changed":false},"product_brand":[],"product_cat":[399,665],"product_tag":[428,457],"class_list":{"0":"post-16915","1":"product","2":"type-product","3":"status-publish","4":"has-post-thumbnail","6":"product_cat-blades-hsgm","7":"product_cat-dyneema-blades-hsgm","8":"product_tag-hsgm-en","9":"product_tag-ru-blade","10":"product_shipping_class-standard","12":"first","13":"instock","14":"featured","15":"taxable","16":"shipping-taxable","17":"product-type-simple"},"acf":[],"yoast_head":"<!-- This site is optimized with the Yoast SEO plugin v27.3 - https:\/\/yoast.com\/product\/yoast-seo-wordpress\/ -->\n<title>HSGM Dyneema RU blades\u00d8 3 mm t\/m \u00d8 160 mm<\/title>\n<meta name=\"description\" content=\"The HSGM Dyneema RU blades diameter \u00d8 3 mm till \u00d8 160 mm are designed to cut &amp; seal holes in heavily woven, thick and tough Dyneema material.\" \/>\n<meta name=\"robots\" content=\"index, follow, max-snippet:-1, max-image-preview:large, max-video-preview:-1\" \/>\n<link rel=\"canonical\" href=\"https:\/\/connectorworldtrade.com\/en\/product\/hsgm-dyneema-ru-blades-o-3mm-till-o-160mm\/\" \/>\n<meta property=\"og:locale\" content=\"en_US\" \/>\n<meta property=\"og:type\" content=\"article\" \/>\n<meta property=\"og:title\" content=\"HSGM Dyneema RU blades\u00d8 3 mm t\/m \u00d8 160 mm\" \/>\n<meta property=\"og:description\" content=\"The HSGM Dyneema RU blades diameter \u00d8 3 mm till \u00d8 160 mm are designed to cut &amp; seal holes in heavily woven, thick and tough Dyneema material.\" \/>\n<meta property=\"og:url\" content=\"https:\/\/connectorworldtrade.com\/en\/product\/hsgm-dyneema-ru-blades-o-3mm-till-o-160mm\/\" \/>\n<meta property=\"og:site_name\" content=\"Connector World Trade\" \/>\n<meta property=\"article:modified_time\" content=\"2020-12-22T12:43:31+00:00\" \/>\n<meta property=\"og:image\" content=\"https:\/\/connectorworldtrade.com\/wp-content\/uploads\/2016\/04\/HSGM-RU-mes-vb1.jpg\" \/>\n\t<meta property=\"og:image:width\" content=\"1000\" \/>\n\t<meta property=\"og:image:height\" content=\"1000\" \/>\n\t<meta property=\"og:image:type\" content=\"image\/jpeg\" \/>\n<meta name=\"twitter:card\" content=\"summary_large_image\" \/>\n<script type=\"application\/ld+json\" class=\"yoast-schema-graph\">{\"@context\":\"https:\\\/\\\/schema.org\",\"@graph\":[{\"@type\":\"WebPage\",\"@id\":\"https:\\\/\\\/connectorworldtrade.com\\\/en\\\/product\\\/hsgm-dyneema-ru-blades-o-3mm-till-o-160mm\\\/\",\"url\":\"https:\\\/\\\/connectorworldtrade.com\\\/en\\\/product\\\/hsgm-dyneema-ru-blades-o-3mm-till-o-160mm\\\/\",\"name\":\"HSGM Dyneema RU blades\u00d8 3 mm t\\\/m \u00d8 160 mm\",\"isPartOf\":{\"@id\":\"https:\\\/\\\/connectorworldtrade.com\\\/en\\\/#website\"},\"primaryImageOfPage\":{\"@id\":\"https:\\\/\\\/connectorworldtrade.com\\\/en\\\/product\\\/hsgm-dyneema-ru-blades-o-3mm-till-o-160mm\\\/#primaryimage\"},\"image\":{\"@id\":\"https:\\\/\\\/connectorworldtrade.com\\\/en\\\/product\\\/hsgm-dyneema-ru-blades-o-3mm-till-o-160mm\\\/#primaryimage\"},\"thumbnailUrl\":\"https:\\\/\\\/connectorworldtrade.com\\\/wp-content\\\/uploads\\\/2016\\\/04\\\/HSGM-RU-mes-vb1.jpg\",\"datePublished\":\"2020-12-21T14:39:33+00:00\",\"dateModified\":\"2020-12-22T12:43:31+00:00\",\"description\":\"The HSGM Dyneema RU blades diameter \u00d8 3 mm till \u00d8 160 mm are designed to cut & seal holes in heavily woven, thick and tough Dyneema material.\",\"breadcrumb\":{\"@id\":\"https:\\\/\\\/connectorworldtrade.com\\\/en\\\/product\\\/hsgm-dyneema-ru-blades-o-3mm-till-o-160mm\\\/#breadcrumb\"},\"inLanguage\":\"en-US\",\"potentialAction\":[{\"@type\":\"ReadAction\",\"target\":[\"https:\\\/\\\/connectorworldtrade.com\\\/en\\\/product\\\/hsgm-dyneema-ru-blades-o-3mm-till-o-160mm\\\/\"]}]},{\"@type\":\"ImageObject\",\"inLanguage\":\"en-US\",\"@id\":\"https:\\\/\\\/connectorworldtrade.com\\\/en\\\/product\\\/hsgm-dyneema-ru-blades-o-3mm-till-o-160mm\\\/#primaryimage\",\"url\":\"https:\\\/\\\/connectorworldtrade.com\\\/wp-content\\\/uploads\\\/2016\\\/04\\\/HSGM-RU-mes-vb1.jpg\",\"contentUrl\":\"https:\\\/\\\/connectorworldtrade.com\\\/wp-content\\\/uploads\\\/2016\\\/04\\\/HSGM-RU-mes-vb1.jpg\",\"width\":1000,\"height\":1000,\"caption\":\"RU knife\"},{\"@type\":\"BreadcrumbList\",\"@id\":\"https:\\\/\\\/connectorworldtrade.com\\\/en\\\/product\\\/hsgm-dyneema-ru-blades-o-3mm-till-o-160mm\\\/#breadcrumb\",\"itemListElement\":[{\"@type\":\"ListItem\",\"position\":1,\"name\":\"Home\",\"item\":\"https:\\\/\\\/connectorworldtrade.com\\\/en\\\/\"},{\"@type\":\"ListItem\",\"position\":2,\"name\":\"Shop\",\"item\":\"https:\\\/\\\/connectorworldtrade.com\\\/en\\\/shop\\\/\"},{\"@type\":\"ListItem\",\"position\":3,\"name\":\"HSGM Dyneema RU blades\u00d8 3 mm till \u00d8 160 mm\"}]},{\"@type\":\"WebSite\",\"@id\":\"https:\\\/\\\/connectorworldtrade.com\\\/en\\\/#website\",\"url\":\"https:\\\/\\\/connectorworldtrade.com\\\/en\\\/\",\"name\":\"Connector World Trade\",\"description\":\"Connector World Trade\",\"potentialAction\":[{\"@type\":\"SearchAction\",\"target\":{\"@type\":\"EntryPoint\",\"urlTemplate\":\"https:\\\/\\\/connectorworldtrade.com\\\/en\\\/?s={search_term_string}\"},\"query-input\":{\"@type\":\"PropertyValueSpecification\",\"valueRequired\":true,\"valueName\":\"search_term_string\"}}],\"inLanguage\":\"en-US\"}]}<\/script>\n<!-- \/ Yoast SEO plugin. -->","yoast_head_json":{"title":"HSGM Dyneema RU blades\u00d8 3 mm t\/m \u00d8 160 mm","description":"The HSGM Dyneema RU blades diameter \u00d8 3 mm till \u00d8 160 mm are designed to cut & seal holes in heavily woven, thick and tough Dyneema material.","robots":{"index":"index","follow":"follow","max-snippet":"max-snippet:-1","max-image-preview":"max-image-preview:large","max-video-preview":"max-video-preview:-1"},"canonical":"https:\/\/connectorworldtrade.com\/en\/product\/hsgm-dyneema-ru-blades-o-3mm-till-o-160mm\/","og_locale":"en_US","og_type":"article","og_title":"HSGM Dyneema RU blades\u00d8 3 mm t\/m \u00d8 160 mm","og_description":"The HSGM Dyneema RU blades diameter \u00d8 3 mm till \u00d8 160 mm are designed to cut & seal holes in heavily woven, thick and tough Dyneema material.","og_url":"https:\/\/connectorworldtrade.com\/en\/product\/hsgm-dyneema-ru-blades-o-3mm-till-o-160mm\/","og_site_name":"Connector World Trade","article_modified_time":"2020-12-22T12:43:31+00:00","og_image":[{"width":1000,"height":1000,"url":"https:\/\/connectorworldtrade.com\/wp-content\/uploads\/2016\/04\/HSGM-RU-mes-vb1.jpg","type":"image\/jpeg"}],"twitter_card":"summary_large_image","schema":{"@context":"https:\/\/schema.org","@graph":[{"@type":"WebPage","@id":"https:\/\/connectorworldtrade.com\/en\/product\/hsgm-dyneema-ru-blades-o-3mm-till-o-160mm\/","url":"https:\/\/connectorworldtrade.com\/en\/product\/hsgm-dyneema-ru-blades-o-3mm-till-o-160mm\/","name":"HSGM Dyneema RU blades\u00d8 3 mm t\/m \u00d8 160 mm","isPartOf":{"@id":"https:\/\/connectorworldtrade.com\/en\/#website"},"primaryImageOfPage":{"@id":"https:\/\/connectorworldtrade.com\/en\/product\/hsgm-dyneema-ru-blades-o-3mm-till-o-160mm\/#primaryimage"},"image":{"@id":"https:\/\/connectorworldtrade.com\/en\/product\/hsgm-dyneema-ru-blades-o-3mm-till-o-160mm\/#primaryimage"},"thumbnailUrl":"https:\/\/connectorworldtrade.com\/wp-content\/uploads\/2016\/04\/HSGM-RU-mes-vb1.jpg","datePublished":"2020-12-21T14:39:33+00:00","dateModified":"2020-12-22T12:43:31+00:00","description":"The HSGM Dyneema RU blades diameter \u00d8 3 mm till \u00d8 160 mm are designed to cut & seal holes in heavily woven, thick and tough Dyneema material.","breadcrumb":{"@id":"https:\/\/connectorworldtrade.com\/en\/product\/hsgm-dyneema-ru-blades-o-3mm-till-o-160mm\/#breadcrumb"},"inLanguage":"en-US","potentialAction":[{"@type":"ReadAction","target":["https:\/\/connectorworldtrade.com\/en\/product\/hsgm-dyneema-ru-blades-o-3mm-till-o-160mm\/"]}]},{"@type":"ImageObject","inLanguage":"en-US","@id":"https:\/\/connectorworldtrade.com\/en\/product\/hsgm-dyneema-ru-blades-o-3mm-till-o-160mm\/#primaryimage","url":"https:\/\/connectorworldtrade.com\/wp-content\/uploads\/2016\/04\/HSGM-RU-mes-vb1.jpg","contentUrl":"https:\/\/connectorworldtrade.com\/wp-content\/uploads\/2016\/04\/HSGM-RU-mes-vb1.jpg","width":1000,"height":1000,"caption":"RU knife"},{"@type":"BreadcrumbList","@id":"https:\/\/connectorworldtrade.com\/en\/product\/hsgm-dyneema-ru-blades-o-3mm-till-o-160mm\/#breadcrumb","itemListElement":[{"@type":"ListItem","position":1,"name":"Home","item":"https:\/\/connectorworldtrade.com\/en\/"},{"@type":"ListItem","position":2,"name":"Shop","item":"https:\/\/connectorworldtrade.com\/en\/shop\/"},{"@type":"ListItem","position":3,"name":"HSGM Dyneema RU blades\u00d8 3 mm till \u00d8 160 mm"}]},{"@type":"WebSite","@id":"https:\/\/connectorworldtrade.com\/en\/#website","url":"https:\/\/connectorworldtrade.com\/en\/","name":"Connector World Trade","description":"Connector World Trade","potentialAction":[{"@type":"SearchAction","target":{"@type":"EntryPoint","urlTemplate":"https:\/\/connectorworldtrade.com\/en\/?s={search_term_string}"},"query-input":{"@type":"PropertyValueSpecification","valueRequired":true,"valueName":"search_term_string"}}],"inLanguage":"en-US"}]}},"_links":{"self":[{"href":"https:\/\/connectorworldtrade.com\/en\/wp-json\/wp\/v2\/product\/16915","targetHints":{"allow":["GET"]}}],"collection":[{"href":"https:\/\/connectorworldtrade.com\/en\/wp-json\/wp\/v2\/product"}],"about":[{"href":"https:\/\/connectorworldtrade.com\/en\/wp-json\/wp\/v2\/types\/product"}],"replies":[{"embeddable":true,"href":"https:\/\/connectorworldtrade.com\/en\/wp-json\/wp\/v2\/comments?post=16915"}],"wp:featuredmedia":[{"embeddable":true,"href":"https:\/\/connectorworldtrade.com\/en\/wp-json\/wp\/v2\/media\/9520"}],"wp:attachment":[{"href":"https:\/\/connectorworldtrade.com\/en\/wp-json\/wp\/v2\/media?parent=16915"}],"wp:term":[{"taxonomy":"product_brand","embeddable":true,"href":"https:\/\/connectorworldtrade.com\/en\/wp-json\/wp\/v2\/product_brand?post=16915"},{"taxonomy":"product_cat","embeddable":true,"href":"https:\/\/connectorworldtrade.com\/en\/wp-json\/wp\/v2\/product_cat?post=16915"},{"taxonomy":"product_tag","embeddable":true,"href":"https:\/\/connectorworldtrade.com\/en\/wp-json\/wp\/v2\/product_tag?post=16915"}],"curies":[{"name":"wp","href":"https:\/\/api.w.org\/{rel}","templated":true}]}}