{"id":17198,"date":"2021-06-25T11:51:20","date_gmt":"2021-06-25T09:51:20","guid":{"rendered":"https:\/\/connectorworldtrade.com\/?post_type=product&#038;p=17198"},"modified":"2023-08-28T15:39:23","modified_gmt":"2023-08-28T13:39:23","slug":"sfs-sfs-e-handle-cutter-for-thestyro-cut-sfs-sfs-e-cutters","status":"publish","type":"product","link":"https:\/\/connectorworldtrade.com\/en\/product\/sfs-sfs-e-handle-cutter-for-thestyro-cut-sfs-sfs-e-cutters\/","title":{"rendered":"Shape handgrip-cutter for the<br\/>STYROCUT 900 &#038; 1800 Watt cutter"},"content":{"rendered":"<div class=\"page\" title=\"Page 4\">\n<div class=\"section\">\n<div class=\"layoutArea\">\n<div class=\"column\">\n<p><strong>This Shape handgrip-cutter fits the following type industrial HSGM styrofoam cutters:<\/strong><\/p>\n<p><strong><a href=\"https:\/\/connectorworldtrade.com\/en\/product\/polystyrene-cutter-900-watt-hsgm-styro-cut-sfs\/\" target=\"_blank\" rel=\"noopener\">HSGM STYROCUT\u00a0 \u00a0900 Watt cutter (portable)<\/a><br \/>\n<a href=\"https:\/\/connectorworldtrade.com\/en\/product\/polystyrene-cutter-1800-watt-hsgm-styro-cut-sfs-e\/\" target=\"_blank\" rel=\"noopener\">HSGM STYROCUT 1800 Watt cutter (mobile)<\/a><\/strong><\/p>\n<ul>\n<li>Cutting wire easy to replace<\/li>\n<li>No more electrostatically charged styrofoam dust\/particles<\/li>\n<\/ul>\n<\/div>\n<\/div>\n<\/div>\n<\/div>\n","protected":false},"excerpt":{"rendered":"<p>The <strong>HSGM Shape handgrip-cutter with\u00a0cutting wire<\/strong> is specially designed to cut<br \/>\n<strong>boards &amp; blocks<\/strong> made of Polystyrene foam, Styrofoam, EPS, XPS, Tempex, ISOMO,<br \/>\nBlue Board, Styropor, Rigid foam and similar materials to <strong>cut, shape, sculpt <\/strong>by means<br \/>\nof a heated cutting wire.<\/p>\n<p>This tool is specially manufactured for <strong>cutting, shaping, sculpting<\/strong><br \/>\npolystyrene material in single or series production.<\/p>\n<p>You can choose from <strong>3 types (diameters) of cutting wire<\/strong>:<br \/>\n<strong>\u00d8 1.6 mm- \u00d8 2.2 mm &#8211; \u00d8 3.0 mm<\/strong>, you can cut this wire to the preferred<br \/>\nlength with pliers and then bend them into the desired shape.<br \/>\n(cutting wire max. <strong>\u00d8 1,6 mm <\/strong>for the\u00a0 \u00a0 900 Watt version)<br \/>\n(cutting wire max. <strong>\u00d8 3,0 mm <\/strong>for the 1800 Watt version)<\/p>\n<p>This handy Shape handgrip-cutter is specially designed for the Construction, Insulation and<br \/>\nPackaging Industry, Sculptors, Artists, Designers and many other Industrial Sectors!!!<\/p>\n<p>[av_button label='Download brochure' link='manually,https:\/\/connectorworldtrade.com\/wp-content\/uploads\/2020\/05\/Catalog-HSGM-STYRO-CUT-SFS_E-Polystyrene-cutter-ENG.pdf' link_target='_blank' size='medium' position='left' icon_select='yes' icon='ue84e' font='entypo-fontello' color='blue' custom_bg='#444444' custom_font='#ffffff'] [av_button label='Contact us for information' link='manually,https:\/\/connectorworldtrade.com\/en\/contact\/' link_target='' size='medium' position='left' label_display='' icon_select='no' icon='ue800' font='entypo-fontello' color='custom' custom_bg='#ed3f00' custom_font='#ffffff' av_uid='' admin_preview_bg='']<\/p>\n","protected":false},"featured_media":17203,"comment_status":"closed","ping_status":"closed","template":"","meta":{"_acf_changed":false},"product_brand":[],"product_cat":[610,612],"product_tag":[428],"class_list":{"0":"post-17198","1":"product","2":"type-product","3":"status-publish","4":"has-post-thumbnail","6":"product_cat-accessories-en","7":"product_cat-accessories-hsgm-en","8":"product_tag-hsgm-en","10":"first","11":"instock","12":"featured","13":"taxable","14":"shipping-taxable","15":"product-type-simple"},"acf":[],"yoast_head":"<!-- This site is optimized with the Yoast SEO plugin v27.3 - https:\/\/yoast.com\/product\/yoast-seo-wordpress\/ -->\n<title>SFS &amp; SFS\/E handle-cutter<\/title>\n<meta name=\"description\" content=\"SFS &amp; SFS\/E handle-cutter are specially designed for the HSGM STYRO-CUT SFS &amp; SFS\/E polystyrene cutters\" \/>\n<meta name=\"robots\" content=\"index, follow, max-snippet:-1, max-image-preview:large, max-video-preview:-1\" \/>\n<link rel=\"canonical\" href=\"https:\/\/connectorworldtrade.com\/en\/product\/sfs-sfs-e-handle-cutter-for-thestyro-cut-sfs-sfs-e-cutters\/\" \/>\n<meta property=\"og:locale\" content=\"en_US\" \/>\n<meta property=\"og:type\" content=\"article\" \/>\n<meta property=\"og:title\" content=\"SFS &amp; SFS\/E handle-cutter\" \/>\n<meta property=\"og:description\" content=\"SFS &amp; SFS\/E handle-cutter are specially designed for the HSGM STYRO-CUT SFS &amp; SFS\/E polystyrene cutters\" \/>\n<meta property=\"og:url\" content=\"https:\/\/connectorworldtrade.com\/en\/product\/sfs-sfs-e-handle-cutter-for-thestyro-cut-sfs-sfs-e-cutters\/\" \/>\n<meta property=\"og:site_name\" content=\"Connector World Trade\" \/>\n<meta property=\"article:modified_time\" content=\"2023-08-28T13:39:23+00:00\" \/>\n<meta property=\"og:image\" content=\"https:\/\/connectorworldtrade.com\/wp-content\/uploads\/2021\/06\/SFS-SFS-E-handvat-met-draad_shop.jpg\" \/>\n\t<meta property=\"og:image:width\" content=\"1000\" \/>\n\t<meta property=\"og:image:height\" content=\"1000\" \/>\n\t<meta property=\"og:image:type\" content=\"image\/jpeg\" \/>\n<meta name=\"twitter:card\" content=\"summary_large_image\" \/>\n<meta name=\"twitter:label1\" content=\"Est. reading time\" \/>\n\t<meta name=\"twitter:data1\" content=\"1 minute\" \/>\n<script type=\"application\/ld+json\" class=\"yoast-schema-graph\">{\"@context\":\"https:\\\/\\\/schema.org\",\"@graph\":[{\"@type\":\"WebPage\",\"@id\":\"https:\\\/\\\/connectorworldtrade.com\\\/en\\\/product\\\/sfs-sfs-e-handle-cutter-for-thestyro-cut-sfs-sfs-e-cutters\\\/\",\"url\":\"https:\\\/\\\/connectorworldtrade.com\\\/en\\\/product\\\/sfs-sfs-e-handle-cutter-for-thestyro-cut-sfs-sfs-e-cutters\\\/\",\"name\":\"SFS & SFS\\\/E handle-cutter\",\"isPartOf\":{\"@id\":\"https:\\\/\\\/connectorworldtrade.com\\\/en\\\/#website\"},\"primaryImageOfPage\":{\"@id\":\"https:\\\/\\\/connectorworldtrade.com\\\/en\\\/product\\\/sfs-sfs-e-handle-cutter-for-thestyro-cut-sfs-sfs-e-cutters\\\/#primaryimage\"},\"image\":{\"@id\":\"https:\\\/\\\/connectorworldtrade.com\\\/en\\\/product\\\/sfs-sfs-e-handle-cutter-for-thestyro-cut-sfs-sfs-e-cutters\\\/#primaryimage\"},\"thumbnailUrl\":\"https:\\\/\\\/connectorworldtrade.com\\\/wp-content\\\/uploads\\\/2021\\\/06\\\/SFS-SFS-E-handvat-met-draad_shop.jpg\",\"datePublished\":\"2021-06-25T09:51:20+00:00\",\"dateModified\":\"2023-08-28T13:39:23+00:00\",\"description\":\"SFS & SFS\\\/E handle-cutter are specially designed for the HSGM STYRO-CUT SFS & SFS\\\/E polystyrene cutters\",\"breadcrumb\":{\"@id\":\"https:\\\/\\\/connectorworldtrade.com\\\/en\\\/product\\\/sfs-sfs-e-handle-cutter-for-thestyro-cut-sfs-sfs-e-cutters\\\/#breadcrumb\"},\"inLanguage\":\"en-US\",\"potentialAction\":[{\"@type\":\"ReadAction\",\"target\":[\"https:\\\/\\\/connectorworldtrade.com\\\/en\\\/product\\\/sfs-sfs-e-handle-cutter-for-thestyro-cut-sfs-sfs-e-cutters\\\/\"]}]},{\"@type\":\"ImageObject\",\"inLanguage\":\"en-US\",\"@id\":\"https:\\\/\\\/connectorworldtrade.com\\\/en\\\/product\\\/sfs-sfs-e-handle-cutter-for-thestyro-cut-sfs-sfs-e-cutters\\\/#primaryimage\",\"url\":\"https:\\\/\\\/connectorworldtrade.com\\\/wp-content\\\/uploads\\\/2021\\\/06\\\/SFS-SFS-E-handvat-met-draad_shop.jpg\",\"contentUrl\":\"https:\\\/\\\/connectorworldtrade.com\\\/wp-content\\\/uploads\\\/2021\\\/06\\\/SFS-SFS-E-handvat-met-draad_shop.jpg\",\"width\":1000,\"height\":1000,\"caption\":\"SFS & SFS-E handle with cutting wire\"},{\"@type\":\"BreadcrumbList\",\"@id\":\"https:\\\/\\\/connectorworldtrade.com\\\/en\\\/product\\\/sfs-sfs-e-handle-cutter-for-thestyro-cut-sfs-sfs-e-cutters\\\/#breadcrumb\",\"itemListElement\":[{\"@type\":\"ListItem\",\"position\":1,\"name\":\"Home\",\"item\":\"https:\\\/\\\/connectorworldtrade.com\\\/en\\\/\"},{\"@type\":\"ListItem\",\"position\":2,\"name\":\"Shop\",\"item\":\"https:\\\/\\\/connectorworldtrade.com\\\/en\\\/shop\\\/\"},{\"@type\":\"ListItem\",\"position\":3,\"name\":\"Shape handgrip-cutter for theSTYROCUT 900 &#038; 1800 Watt cutter\"}]},{\"@type\":\"WebSite\",\"@id\":\"https:\\\/\\\/connectorworldtrade.com\\\/en\\\/#website\",\"url\":\"https:\\\/\\\/connectorworldtrade.com\\\/en\\\/\",\"name\":\"Connector World Trade\",\"description\":\"Connector World Trade\",\"potentialAction\":[{\"@type\":\"SearchAction\",\"target\":{\"@type\":\"EntryPoint\",\"urlTemplate\":\"https:\\\/\\\/connectorworldtrade.com\\\/en\\\/?s={search_term_string}\"},\"query-input\":{\"@type\":\"PropertyValueSpecification\",\"valueRequired\":true,\"valueName\":\"search_term_string\"}}],\"inLanguage\":\"en-US\"}]}<\/script>\n<!-- \/ Yoast SEO plugin. -->","yoast_head_json":{"title":"SFS & SFS\/E handle-cutter","description":"SFS & SFS\/E handle-cutter are specially designed for the HSGM STYRO-CUT SFS & SFS\/E polystyrene cutters","robots":{"index":"index","follow":"follow","max-snippet":"max-snippet:-1","max-image-preview":"max-image-preview:large","max-video-preview":"max-video-preview:-1"},"canonical":"https:\/\/connectorworldtrade.com\/en\/product\/sfs-sfs-e-handle-cutter-for-thestyro-cut-sfs-sfs-e-cutters\/","og_locale":"en_US","og_type":"article","og_title":"SFS & SFS\/E handle-cutter","og_description":"SFS & SFS\/E handle-cutter are specially designed for the HSGM STYRO-CUT SFS & SFS\/E polystyrene cutters","og_url":"https:\/\/connectorworldtrade.com\/en\/product\/sfs-sfs-e-handle-cutter-for-thestyro-cut-sfs-sfs-e-cutters\/","og_site_name":"Connector World Trade","article_modified_time":"2023-08-28T13:39:23+00:00","og_image":[{"width":1000,"height":1000,"url":"https:\/\/connectorworldtrade.com\/wp-content\/uploads\/2021\/06\/SFS-SFS-E-handvat-met-draad_shop.jpg","type":"image\/jpeg"}],"twitter_card":"summary_large_image","twitter_misc":{"Est. reading time":"1 minute"},"schema":{"@context":"https:\/\/schema.org","@graph":[{"@type":"WebPage","@id":"https:\/\/connectorworldtrade.com\/en\/product\/sfs-sfs-e-handle-cutter-for-thestyro-cut-sfs-sfs-e-cutters\/","url":"https:\/\/connectorworldtrade.com\/en\/product\/sfs-sfs-e-handle-cutter-for-thestyro-cut-sfs-sfs-e-cutters\/","name":"SFS & SFS\/E handle-cutter","isPartOf":{"@id":"https:\/\/connectorworldtrade.com\/en\/#website"},"primaryImageOfPage":{"@id":"https:\/\/connectorworldtrade.com\/en\/product\/sfs-sfs-e-handle-cutter-for-thestyro-cut-sfs-sfs-e-cutters\/#primaryimage"},"image":{"@id":"https:\/\/connectorworldtrade.com\/en\/product\/sfs-sfs-e-handle-cutter-for-thestyro-cut-sfs-sfs-e-cutters\/#primaryimage"},"thumbnailUrl":"https:\/\/connectorworldtrade.com\/wp-content\/uploads\/2021\/06\/SFS-SFS-E-handvat-met-draad_shop.jpg","datePublished":"2021-06-25T09:51:20+00:00","dateModified":"2023-08-28T13:39:23+00:00","description":"SFS & SFS\/E handle-cutter are specially designed for the HSGM STYRO-CUT SFS & SFS\/E polystyrene cutters","breadcrumb":{"@id":"https:\/\/connectorworldtrade.com\/en\/product\/sfs-sfs-e-handle-cutter-for-thestyro-cut-sfs-sfs-e-cutters\/#breadcrumb"},"inLanguage":"en-US","potentialAction":[{"@type":"ReadAction","target":["https:\/\/connectorworldtrade.com\/en\/product\/sfs-sfs-e-handle-cutter-for-thestyro-cut-sfs-sfs-e-cutters\/"]}]},{"@type":"ImageObject","inLanguage":"en-US","@id":"https:\/\/connectorworldtrade.com\/en\/product\/sfs-sfs-e-handle-cutter-for-thestyro-cut-sfs-sfs-e-cutters\/#primaryimage","url":"https:\/\/connectorworldtrade.com\/wp-content\/uploads\/2021\/06\/SFS-SFS-E-handvat-met-draad_shop.jpg","contentUrl":"https:\/\/connectorworldtrade.com\/wp-content\/uploads\/2021\/06\/SFS-SFS-E-handvat-met-draad_shop.jpg","width":1000,"height":1000,"caption":"SFS & SFS-E handle with cutting wire"},{"@type":"BreadcrumbList","@id":"https:\/\/connectorworldtrade.com\/en\/product\/sfs-sfs-e-handle-cutter-for-thestyro-cut-sfs-sfs-e-cutters\/#breadcrumb","itemListElement":[{"@type":"ListItem","position":1,"name":"Home","item":"https:\/\/connectorworldtrade.com\/en\/"},{"@type":"ListItem","position":2,"name":"Shop","item":"https:\/\/connectorworldtrade.com\/en\/shop\/"},{"@type":"ListItem","position":3,"name":"Shape handgrip-cutter for theSTYROCUT 900 &#038; 1800 Watt cutter"}]},{"@type":"WebSite","@id":"https:\/\/connectorworldtrade.com\/en\/#website","url":"https:\/\/connectorworldtrade.com\/en\/","name":"Connector World Trade","description":"Connector World Trade","potentialAction":[{"@type":"SearchAction","target":{"@type":"EntryPoint","urlTemplate":"https:\/\/connectorworldtrade.com\/en\/?s={search_term_string}"},"query-input":{"@type":"PropertyValueSpecification","valueRequired":true,"valueName":"search_term_string"}}],"inLanguage":"en-US"}]}},"_links":{"self":[{"href":"https:\/\/connectorworldtrade.com\/en\/wp-json\/wp\/v2\/product\/17198","targetHints":{"allow":["GET"]}}],"collection":[{"href":"https:\/\/connectorworldtrade.com\/en\/wp-json\/wp\/v2\/product"}],"about":[{"href":"https:\/\/connectorworldtrade.com\/en\/wp-json\/wp\/v2\/types\/product"}],"replies":[{"embeddable":true,"href":"https:\/\/connectorworldtrade.com\/en\/wp-json\/wp\/v2\/comments?post=17198"}],"wp:featuredmedia":[{"embeddable":true,"href":"https:\/\/connectorworldtrade.com\/en\/wp-json\/wp\/v2\/media\/17203"}],"wp:attachment":[{"href":"https:\/\/connectorworldtrade.com\/en\/wp-json\/wp\/v2\/media?parent=17198"}],"wp:term":[{"taxonomy":"product_brand","embeddable":true,"href":"https:\/\/connectorworldtrade.com\/en\/wp-json\/wp\/v2\/product_brand?post=17198"},{"taxonomy":"product_cat","embeddable":true,"href":"https:\/\/connectorworldtrade.com\/en\/wp-json\/wp\/v2\/product_cat?post=17198"},{"taxonomy":"product_tag","embeddable":true,"href":"https:\/\/connectorworldtrade.com\/en\/wp-json\/wp\/v2\/product_tag?post=17198"}],"curies":[{"name":"wp","href":"https:\/\/api.w.org\/{rel}","templated":true}]}}