{"id":22256,"date":"2024-06-07T15:26:32","date_gmt":"2024-06-07T13:26:32","guid":{"rendered":"https:\/\/connectorworldtrade.com\/?post_type=product&#038;p=22256"},"modified":"2025-04-06T22:05:05","modified_gmt":"2025-04-06T20:05:05","slug":"cwt-cordless-polystyrene-cutter-incl-groove-adapter-set-3-blades","status":"publish","type":"product","link":"https:\/\/connectorworldtrade.com\/en\/product\/cwt-cordless-polystyrene-cutter-incl-groove-adapter-set-3-blades\/","title":{"rendered":"CWT cordless polystyrene cutter<br\/>incl. groove adapter set &#038; 3 blades"},"content":{"rendered":"<p><strong>Specifications:<\/strong><\/p>\n<ul>\n<li>The cutter has intermittent operation:<br \/>\n15 seconds: ON \/ 45 seconds OFF<\/li>\n<li>Power supply : Li-Ion battery <strong>36 Volts \u2393 2.0 Ah &#8211; 72Wh<\/strong><\/li>\n<li>Battery life: \u00b1 30 minutes, with continuous use<\/li>\n<li>Battery charging time: &lt; 75 minutes<\/li>\n<li>Input charger:<strong>\u00a0 \u00a0100-240 V &#8211; 1.8 Ah (max.) 50\/60 Hz<\/strong><\/li>\n<li>Output charger: <strong>42 volts \u2393 2.0 Ah<\/strong><\/li>\n<li>Power output: <strong>180 watt<\/strong><\/li>\n<li>Blade easy to exchange<\/li>\n<li>Blade temperature: max 350\u00baC\/662\u00baF<\/li>\n<li>Weight cutter: 1200 grams (incl. adapter, blade &amp; battery)<\/li>\n<li>LED indicator on\/off<\/li>\n<li>CE approved &#8211; RoHs conform<\/li>\n<\/ul>\n<p>De CWT cordless polystyrene cutter comes with:<\/p>\n<ul>\n<li><strong>1 x CWT groove adapter set<\/strong><\/li>\n<li><strong>1 x \u00d8 20 mm, 1x \u00d8 27 mm, 1 x \u00d8 34 mm blade<\/strong><\/li>\n<li><strong>1 x rechargeable Li-Ion battery 36Volt &#8211; 2.0Ah<\/strong><\/li>\n<li><strong>1 x battery charger with EU-plug<\/strong><\/li>\n<li><strong>1 x Allen Key<\/strong><\/li>\n<li><strong>1 x brass brush<\/strong><\/li>\n<li><strong>1 x robust carrying case <\/strong><\/li>\n<li><b>Operating instructions: ENG<\/b><\/li>\n<\/ul>\n","protected":false},"excerpt":{"rendered":"<p><strong><span style=\"color: #ff0000;\">New product<\/span><\/strong><\/p>\n<p>The CWT cordless polystyrene cutter is an extremely practical professional heat cutter powered<br \/>\nby a rechargeable Li-Ion battery. This cordless cutter eliminates the need for the cord, <strong>making it<br \/>\nparticularly suitable for locations where electricity is not always available,<\/strong> for <strong>\u201con the go\u201d <\/strong>or<br \/>\n<strong>when the cord interferes with the cutting process<\/strong>.<\/p>\n<p>This versatile cordless heat cutter has been specifically designed by us for cutting polystyrene foam<br \/>\nmaterial, also known Styrofoam, Rigid foam, EPS, XPS, Blue Board, Tempex, ISOMO and Styropor.<br \/>\nWe have had this robust cordless cutter <strong>made extra sturdy.<\/strong><\/p>\n<p>The handy groove adapter <strong>with depth limitation<\/strong> comes with 3 round curved blades, specially designed<br \/>\nfor very precise cutting of &#8220;round profile grooves&#8221; with a diameter of <strong>\u00d8 20 mm, \u00d8 27 mm<\/strong> or <strong>\u00d8 34 mm<\/strong><br \/>\nin polystyrene foam material. One can then insert pipes, tubes, ducts, hoses or cables etc.<\/p>\n<p>The <strong>adjustable blade temperature<\/strong> of this handy cutter allows you to work with precision, cleanliness<br \/>\nand efficiency, making this tool one of a kind (No more statically charged Styrofoam residue).<\/p>\n<p>This tool will be highly appreciated by professionals, DIY enthusiasts and hobbyists application in various<br \/>\nsectors, including the <strong>construction sector<\/strong>, <strong>underfloor heating specialists, packaging industry<\/strong>,<br \/>\n<strong>insulation industry<\/strong>, <strong>artists<\/strong>, <strong>sculptors<\/strong>, <strong>designers<\/strong>, <strong>concrete processors<\/strong>, <strong>set builders<\/strong> and more.<\/p>\n<p>It is important to mention that this tool is <strong>precisely balanced<\/strong>.<br \/>\nThis makes the cutter fit very well in the hand and is a pleasure to work with.<\/p>\n<p>This CWT cordless polystyrene cutter is of a <strong>very high quality<\/strong>.<\/p>\n<p><a href=\"https:\/\/connectorworldtrade.com\/en\/product-category\/heat-cutters-hsgm\/cordless-heatcutter-cwt\/cordless-styrofoam-cutter-cwt\/\" target=\"_blank\" rel=\"noopener\"><strong><span style=\"color: #ff0000;\">CLICK HERE<\/span><\/strong><\/a> <strong>TO SEE ALL THE DIFFERENT VERSIONS<\/strong><br \/>\n<strong>VIEW THE CWT CORDLESS POLYSTYRENE CUTTER<\/strong><\/p>\n<p><a href=\"https:\/\/connectorworldtrade.com\/en\/contact\/\" target=\"_blank\" rel=\"noopener noreferrer\"><strong>Please contact us for volume orders!<\/strong><\/a><\/p>\n[av_button label='Download brochure' link='manually,https:\/\/connectorworldtrade.com\/wp-content\/uploads\/2024\/06\/Catalogus-CWT-accu-polystyreensnijder-NL-2.pdf' link_target='_blank' size='medium' position='left' icon_select='yes' icon='ue84e' font='entypo-fontello' color='blue' custom_bg='#444444' custom_font='#ffffff']\n","protected":false},"featured_media":22142,"comment_status":"closed","ping_status":"closed","template":"","meta":{"_acf_changed":false},"product_brand":[],"product_cat":[798],"product_tag":[598,579],"class_list":{"0":"post-22256","1":"product","2":"type-product","3":"status-publish","4":"has-post-thumbnail","6":"product_cat-cordless-styrofoam-cutter-cwt","7":"product_tag-connector-world-trade-en","8":"product_tag-cwt-en","9":"product_shipping_class-standard","11":"first","12":"instock","13":"sale","14":"featured","15":"taxable","16":"shipping-taxable","17":"purchasable","18":"product-type-simple"},"acf":[],"yoast_head":"<!-- This site is optimized with the Yoast SEO plugin v27.4 - https:\/\/yoast.com\/product\/yoast-seo-wordpress\/ -->\n<title>CWT cordless polystyrene cutter incl. groove adapter set<\/title>\n<meta name=\"description\" content=\"The CWT cordless polystyrene cutter incl. groove adapter set is a cutter to cut curved grooves in polystyrene foam with diameters of \u00f8 of 20mm, 27mm &amp; 34mm.\" \/>\n<meta name=\"robots\" content=\"index, follow, max-snippet:-1, max-image-preview:large, max-video-preview:-1\" \/>\n<link rel=\"canonical\" href=\"https:\/\/connectorworldtrade.com\/en\/product\/cwt-cordless-polystyrene-cutter-incl-groove-adapter-set-3-blades\/\" \/>\n<meta property=\"og:locale\" content=\"en_US\" \/>\n<meta property=\"og:type\" content=\"article\" \/>\n<meta property=\"og:title\" content=\"CWT cordless polystyrene cutter incl. groove adapter set\" \/>\n<meta property=\"og:description\" content=\"The CWT cordless polystyrene cutter incl. groove adapter set is a cutter to cut curved grooves in polystyrene foam with diameters of \u00f8 of 20mm, 27mm &amp; 34mm.\" \/>\n<meta property=\"og:url\" content=\"https:\/\/connectorworldtrade.com\/en\/product\/cwt-cordless-polystyrene-cutter-incl-groove-adapter-set-3-blades\/\" \/>\n<meta property=\"og:site_name\" content=\"Connector World Trade\" \/>\n<meta property=\"article:modified_time\" content=\"2025-04-06T20:05:05+00:00\" \/>\n<meta property=\"og:image\" content=\"https:\/\/connectorworldtrade.com\/wp-content\/uploads\/2024\/06\/CWTPOL1.jpg\" \/>\n\t<meta property=\"og:image:width\" content=\"1000\" \/>\n\t<meta property=\"og:image:height\" content=\"1000\" \/>\n\t<meta property=\"og:image:type\" content=\"image\/jpeg\" \/>\n<meta name=\"twitter:card\" content=\"summary_large_image\" \/>\n<meta name=\"twitter:label1\" content=\"Est. reading time\" \/>\n\t<meta name=\"twitter:data1\" content=\"1 minute\" \/>\n<script type=\"application\/ld+json\" class=\"yoast-schema-graph\">{\"@context\":\"https:\\\/\\\/schema.org\",\"@graph\":[{\"@type\":\"WebPage\",\"@id\":\"https:\\\/\\\/connectorworldtrade.com\\\/en\\\/product\\\/cwt-cordless-polystyrene-cutter-incl-groove-adapter-set-3-blades\\\/\",\"url\":\"https:\\\/\\\/connectorworldtrade.com\\\/en\\\/product\\\/cwt-cordless-polystyrene-cutter-incl-groove-adapter-set-3-blades\\\/\",\"name\":\"CWT cordless polystyrene cutter incl. groove adapter set\",\"isPartOf\":{\"@id\":\"https:\\\/\\\/connectorworldtrade.com\\\/en\\\/#website\"},\"primaryImageOfPage\":{\"@id\":\"https:\\\/\\\/connectorworldtrade.com\\\/en\\\/product\\\/cwt-cordless-polystyrene-cutter-incl-groove-adapter-set-3-blades\\\/#primaryimage\"},\"image\":{\"@id\":\"https:\\\/\\\/connectorworldtrade.com\\\/en\\\/product\\\/cwt-cordless-polystyrene-cutter-incl-groove-adapter-set-3-blades\\\/#primaryimage\"},\"thumbnailUrl\":\"https:\\\/\\\/connectorworldtrade.com\\\/wp-content\\\/uploads\\\/2024\\\/06\\\/CWTPOL1.jpg\",\"datePublished\":\"2024-06-07T13:26:32+00:00\",\"dateModified\":\"2025-04-06T20:05:05+00:00\",\"description\":\"The CWT cordless polystyrene cutter incl. groove adapter set is a cutter to cut curved grooves in polystyrene foam with diameters of \u00f8 of 20mm, 27mm & 34mm.\",\"breadcrumb\":{\"@id\":\"https:\\\/\\\/connectorworldtrade.com\\\/en\\\/product\\\/cwt-cordless-polystyrene-cutter-incl-groove-adapter-set-3-blades\\\/#breadcrumb\"},\"inLanguage\":\"en-US\",\"potentialAction\":[{\"@type\":\"ReadAction\",\"target\":[\"https:\\\/\\\/connectorworldtrade.com\\\/en\\\/product\\\/cwt-cordless-polystyrene-cutter-incl-groove-adapter-set-3-blades\\\/\"]}]},{\"@type\":\"ImageObject\",\"inLanguage\":\"en-US\",\"@id\":\"https:\\\/\\\/connectorworldtrade.com\\\/en\\\/product\\\/cwt-cordless-polystyrene-cutter-incl-groove-adapter-set-3-blades\\\/#primaryimage\",\"url\":\"https:\\\/\\\/connectorworldtrade.com\\\/wp-content\\\/uploads\\\/2024\\\/06\\\/CWTPOL1.jpg\",\"contentUrl\":\"https:\\\/\\\/connectorworldtrade.com\\\/wp-content\\\/uploads\\\/2024\\\/06\\\/CWTPOL1.jpg\",\"width\":1000,\"height\":1000,\"caption\":\"CWT polystyrene cutter with groove adapter\"},{\"@type\":\"BreadcrumbList\",\"@id\":\"https:\\\/\\\/connectorworldtrade.com\\\/en\\\/product\\\/cwt-cordless-polystyrene-cutter-incl-groove-adapter-set-3-blades\\\/#breadcrumb\",\"itemListElement\":[{\"@type\":\"ListItem\",\"position\":1,\"name\":\"Home\",\"item\":\"https:\\\/\\\/connectorworldtrade.com\\\/en\\\/\"},{\"@type\":\"ListItem\",\"position\":2,\"name\":\"Shop\",\"item\":\"https:\\\/\\\/connectorworldtrade.com\\\/en\\\/shop\\\/\"},{\"@type\":\"ListItem\",\"position\":3,\"name\":\"CWT cordless polystyrene cutterincl. groove adapter set &#038; 3 blades\"}]},{\"@type\":\"WebSite\",\"@id\":\"https:\\\/\\\/connectorworldtrade.com\\\/en\\\/#website\",\"url\":\"https:\\\/\\\/connectorworldtrade.com\\\/en\\\/\",\"name\":\"Connector World Trade\",\"description\":\"Connector World Trade\",\"potentialAction\":[{\"@type\":\"SearchAction\",\"target\":{\"@type\":\"EntryPoint\",\"urlTemplate\":\"https:\\\/\\\/connectorworldtrade.com\\\/en\\\/?s={search_term_string}\"},\"query-input\":{\"@type\":\"PropertyValueSpecification\",\"valueRequired\":true,\"valueName\":\"search_term_string\"}}],\"inLanguage\":\"en-US\"}]}<\/script>\n<!-- \/ Yoast SEO plugin. -->","yoast_head_json":{"title":"CWT cordless polystyrene cutter incl. groove adapter set","description":"The CWT cordless polystyrene cutter incl. groove adapter set is a cutter to cut curved grooves in polystyrene foam with diameters of \u00f8 of 20mm, 27mm & 34mm.","robots":{"index":"index","follow":"follow","max-snippet":"max-snippet:-1","max-image-preview":"max-image-preview:large","max-video-preview":"max-video-preview:-1"},"canonical":"https:\/\/connectorworldtrade.com\/en\/product\/cwt-cordless-polystyrene-cutter-incl-groove-adapter-set-3-blades\/","og_locale":"en_US","og_type":"article","og_title":"CWT cordless polystyrene cutter incl. groove adapter set","og_description":"The CWT cordless polystyrene cutter incl. groove adapter set is a cutter to cut curved grooves in polystyrene foam with diameters of \u00f8 of 20mm, 27mm & 34mm.","og_url":"https:\/\/connectorworldtrade.com\/en\/product\/cwt-cordless-polystyrene-cutter-incl-groove-adapter-set-3-blades\/","og_site_name":"Connector World Trade","article_modified_time":"2025-04-06T20:05:05+00:00","og_image":[{"width":1000,"height":1000,"url":"https:\/\/connectorworldtrade.com\/wp-content\/uploads\/2024\/06\/CWTPOL1.jpg","type":"image\/jpeg"}],"twitter_card":"summary_large_image","twitter_misc":{"Est. reading time":"1 minute"},"schema":{"@context":"https:\/\/schema.org","@graph":[{"@type":"WebPage","@id":"https:\/\/connectorworldtrade.com\/en\/product\/cwt-cordless-polystyrene-cutter-incl-groove-adapter-set-3-blades\/","url":"https:\/\/connectorworldtrade.com\/en\/product\/cwt-cordless-polystyrene-cutter-incl-groove-adapter-set-3-blades\/","name":"CWT cordless polystyrene cutter incl. groove adapter set","isPartOf":{"@id":"https:\/\/connectorworldtrade.com\/en\/#website"},"primaryImageOfPage":{"@id":"https:\/\/connectorworldtrade.com\/en\/product\/cwt-cordless-polystyrene-cutter-incl-groove-adapter-set-3-blades\/#primaryimage"},"image":{"@id":"https:\/\/connectorworldtrade.com\/en\/product\/cwt-cordless-polystyrene-cutter-incl-groove-adapter-set-3-blades\/#primaryimage"},"thumbnailUrl":"https:\/\/connectorworldtrade.com\/wp-content\/uploads\/2024\/06\/CWTPOL1.jpg","datePublished":"2024-06-07T13:26:32+00:00","dateModified":"2025-04-06T20:05:05+00:00","description":"The CWT cordless polystyrene cutter incl. groove adapter set is a cutter to cut curved grooves in polystyrene foam with diameters of \u00f8 of 20mm, 27mm & 34mm.","breadcrumb":{"@id":"https:\/\/connectorworldtrade.com\/en\/product\/cwt-cordless-polystyrene-cutter-incl-groove-adapter-set-3-blades\/#breadcrumb"},"inLanguage":"en-US","potentialAction":[{"@type":"ReadAction","target":["https:\/\/connectorworldtrade.com\/en\/product\/cwt-cordless-polystyrene-cutter-incl-groove-adapter-set-3-blades\/"]}]},{"@type":"ImageObject","inLanguage":"en-US","@id":"https:\/\/connectorworldtrade.com\/en\/product\/cwt-cordless-polystyrene-cutter-incl-groove-adapter-set-3-blades\/#primaryimage","url":"https:\/\/connectorworldtrade.com\/wp-content\/uploads\/2024\/06\/CWTPOL1.jpg","contentUrl":"https:\/\/connectorworldtrade.com\/wp-content\/uploads\/2024\/06\/CWTPOL1.jpg","width":1000,"height":1000,"caption":"CWT polystyrene cutter with groove adapter"},{"@type":"BreadcrumbList","@id":"https:\/\/connectorworldtrade.com\/en\/product\/cwt-cordless-polystyrene-cutter-incl-groove-adapter-set-3-blades\/#breadcrumb","itemListElement":[{"@type":"ListItem","position":1,"name":"Home","item":"https:\/\/connectorworldtrade.com\/en\/"},{"@type":"ListItem","position":2,"name":"Shop","item":"https:\/\/connectorworldtrade.com\/en\/shop\/"},{"@type":"ListItem","position":3,"name":"CWT cordless polystyrene cutterincl. groove adapter set &#038; 3 blades"}]},{"@type":"WebSite","@id":"https:\/\/connectorworldtrade.com\/en\/#website","url":"https:\/\/connectorworldtrade.com\/en\/","name":"Connector World Trade","description":"Connector World Trade","potentialAction":[{"@type":"SearchAction","target":{"@type":"EntryPoint","urlTemplate":"https:\/\/connectorworldtrade.com\/en\/?s={search_term_string}"},"query-input":{"@type":"PropertyValueSpecification","valueRequired":true,"valueName":"search_term_string"}}],"inLanguage":"en-US"}]}},"_links":{"self":[{"href":"https:\/\/connectorworldtrade.com\/en\/wp-json\/wp\/v2\/product\/22256","targetHints":{"allow":["GET"]}}],"collection":[{"href":"https:\/\/connectorworldtrade.com\/en\/wp-json\/wp\/v2\/product"}],"about":[{"href":"https:\/\/connectorworldtrade.com\/en\/wp-json\/wp\/v2\/types\/product"}],"replies":[{"embeddable":true,"href":"https:\/\/connectorworldtrade.com\/en\/wp-json\/wp\/v2\/comments?post=22256"}],"wp:featuredmedia":[{"embeddable":true,"href":"https:\/\/connectorworldtrade.com\/en\/wp-json\/wp\/v2\/media\/22142"}],"wp:attachment":[{"href":"https:\/\/connectorworldtrade.com\/en\/wp-json\/wp\/v2\/media?parent=22256"}],"wp:term":[{"taxonomy":"product_brand","embeddable":true,"href":"https:\/\/connectorworldtrade.com\/en\/wp-json\/wp\/v2\/product_brand?post=22256"},{"taxonomy":"product_cat","embeddable":true,"href":"https:\/\/connectorworldtrade.com\/en\/wp-json\/wp\/v2\/product_cat?post=22256"},{"taxonomy":"product_tag","embeddable":true,"href":"https:\/\/connectorworldtrade.com\/en\/wp-json\/wp\/v2\/product_tag?post=22256"}],"curies":[{"name":"wp","href":"https:\/\/api.w.org\/{rel}","templated":true}]}}