{"id":9759,"date":"2016-04-05T10:26:56","date_gmt":"2016-04-05T08:26:56","guid":{"rendered":"https:\/\/connectorworldtrade.com\/product\/hsgm-ru-blade-3-12mm\/"},"modified":"2021-04-12T16:36:16","modified_gmt":"2021-04-12T14:36:16","slug":"hsgm-ru-blade-o-3mm-o-160mm","status":"publish","type":"product","link":"https:\/\/connectorworldtrade.com\/en\/product\/hsgm-ru-blade-o-3mm-o-160mm\/","title":{"rendered":"HSGM RU-blade \u00d8 3mm &#8211; \u00d8 160mm"},"content":{"rendered":"<p>The following sizes (\u00d8) <strong>&#8220;RU-blades&#8221; <\/strong>fit the following type HSGM cutters:<\/p>\n<p><a href=\"https:\/\/connectorworldtrade.com\/en\/product\/hsgm-hsg-0\/\" target=\"_blank\" rel=\"noopener\"><strong>HSG-0<\/strong><\/a>\u00a0\u00a0\u00a0\u00a0\u00a0\u00a0\u00a0\u00a0\u00a0 = RU blade with diameter from <strong>\u00d8 3mm<\/strong> till <strong>&#8220;max.\u00a0\u00a0 12mm&#8221; <\/strong>__________________________________________________________________________<\/p>\n<p><a href=\"https:\/\/connectorworldtrade.com\/en\/product\/industrial-cutter-hsgm-hsg-1-vw\/\" target=\"_blank\" rel=\"noopener\"><strong>HSG-1-VW<\/strong><\/a>\u00a0\u00a0 = RU blade with diameter from <strong>\u00d8 3mm<\/strong> till <strong>&#8220;max.\u00a0\u00a0 60mm&#8221;<\/strong><br \/>\n<a href=\"https:\/\/connectorworldtrade.com\/en\/product\/industrial-cutter-hsgm-hsg-03-vw\/\" target=\"_blank\" rel=\"noopener\"><strong>HSG-03-VW<\/strong><\/a> = RU blade with diameter from <strong>\u00d8 3mm<\/strong> till <strong>&#8220;max.\u00a0\u00a0 60mm&#8221;<\/strong><br \/>\n<a href=\"https:\/\/connectorworldtrade.com\/en\/product\/industrial-cutte-hsgm-hsg-3-vw\/\" target=\"_blank\" rel=\"noopener\"><strong>HSG-3-VW<\/strong><\/a>\u00a0\u00a0 = RU blade with diameter from <strong>\u00d8 3mm<\/strong> till <strong>&#8220;max. 160mm&#8221;<\/strong><\/p>\n","protected":false},"excerpt":{"rendered":"<p><strong>Application:<\/strong><\/p>\n<p>Blade to cut &amp; seal a <strong>&#8220;hole\/circle&#8221;<\/strong> in woven and non-woven synthetic fabrics<br \/>\nsuch as: sail, tarpaulin, felt, belts, straps, tent cloth, textile fabrics, GEO-textile etc.<\/p>\n<p><span title=\"\">Please Pay attention!<\/span> <span title=\"\">only diameter = <strong>\u00d8 3 mm<\/strong> to max. <strong>\u00d8 12 mm<\/strong> fit the <strong><a href=\"https:\/\/connectorworldtrade.com\/en\/product\/hsgm-hsg-0\/\" target=\"_blank\" rel=\"noopener\">HSG-0 cutter<\/a>.<br \/>\n<\/strong><br \/>\n<\/span>Larger sizes from <strong>\u00d8 13 mm<\/strong> to max. <strong>\u00d8 160 mm<\/strong> fit the HSGM <strong>&#8220;industrial cutters&#8221;<\/strong>.<br \/>\nSee the overview below with specifications per type of cutter.<br \/>\n<strong><br \/>\nCustom-Made blades<\/strong>: delivery time 1 week!<\/p>\n[av_button label='Demo video' link='manually,https:\/\/www.youtube.com\/watch?v=be73E89zUHo' link_target='_blank' size='medium' position='left' icon_select='yes' icon='ue80d' font='entypo-fontello' color='blue' custom_bg='#444444' custom_font='#ffffff']\n[av_button label='Contact us for information' link='manually,https:\/\/connectorworldtrade.com\/en\/contact\/' link_target='' size='medium' position='left' label_display='' icon_select='no' icon='ue800' font='entypo-fontello' color='custom' custom_bg='#ed3f00' custom_font='#ffffff' av_uid='' admin_preview_bg='']\n","protected":false},"featured_media":17093,"comment_status":"closed","ping_status":"closed","template":"","meta":{"_acf_changed":false},"product_brand":[],"product_cat":[399,402,400,403],"product_tag":[428,457],"class_list":{"0":"post-9759","1":"product","2":"type-product","3":"status-publish","4":"has-post-thumbnail","6":"product_cat-blades-hsgm","7":"product_cat-fabric-blades-hsgm","8":"product_cat-industrial-blades-hsgm","9":"product_cat-rope-blades-sail-blades-hsgm","10":"product_tag-hsgm-en","11":"product_tag-ru-blade","12":"product_shipping_class-standard","14":"first","15":"instock","16":"featured","17":"taxable","18":"shipping-taxable","19":"product-type-simple"},"acf":[],"yoast_head":"<!-- This site is optimized with the Yoast SEO plugin v27.3 - https:\/\/yoast.com\/product\/yoast-seo-wordpress\/ -->\n<title>HSGM RU-blade \u00d8 3mm - \u00d8 160mm<\/title>\n<meta name=\"description\" content=\"HSGM RU-blade \u00d8 3mm to \u00d8 160mm are specially designed to cut and seal a hole\/circle in synthetic fabrics such as textiles, tarpaulin, etc.\" \/>\n<meta name=\"robots\" content=\"index, follow, max-snippet:-1, max-image-preview:large, max-video-preview:-1\" \/>\n<link rel=\"canonical\" href=\"https:\/\/connectorworldtrade.com\/en\/product\/hsgm-ru-blade-o-3mm-o-160mm\/\" \/>\n<meta property=\"og:locale\" content=\"en_US\" \/>\n<meta property=\"og:type\" content=\"article\" \/>\n<meta property=\"og:title\" content=\"HSGM RU-blade \u00d8 3mm - \u00d8 160mm\" \/>\n<meta property=\"og:description\" content=\"HSGM RU-blade \u00d8 3mm to \u00d8 160mm are specially designed to cut and seal a hole\/circle in synthetic fabrics such as textiles, tarpaulin, etc.\" \/>\n<meta property=\"og:url\" content=\"https:\/\/connectorworldtrade.com\/en\/product\/hsgm-ru-blade-o-3mm-o-160mm\/\" \/>\n<meta property=\"og:site_name\" content=\"Connector World Trade\" \/>\n<meta property=\"article:modified_time\" content=\"2021-04-12T14:36:16+00:00\" \/>\n<meta property=\"og:image\" content=\"https:\/\/connectorworldtrade.com\/wp-content\/uploads\/2021\/04\/RU-mes_shop-1.jpg\" \/>\n\t<meta property=\"og:image:width\" content=\"1000\" \/>\n\t<meta property=\"og:image:height\" content=\"1000\" \/>\n\t<meta property=\"og:image:type\" content=\"image\/jpeg\" \/>\n<meta name=\"twitter:card\" content=\"summary_large_image\" \/>\n<script type=\"application\/ld+json\" class=\"yoast-schema-graph\">{\"@context\":\"https:\\\/\\\/schema.org\",\"@graph\":[{\"@type\":\"WebPage\",\"@id\":\"https:\\\/\\\/connectorworldtrade.com\\\/en\\\/product\\\/hsgm-ru-blade-o-3mm-o-160mm\\\/\",\"url\":\"https:\\\/\\\/connectorworldtrade.com\\\/en\\\/product\\\/hsgm-ru-blade-o-3mm-o-160mm\\\/\",\"name\":\"HSGM RU-blade \u00d8 3mm - \u00d8 160mm\",\"isPartOf\":{\"@id\":\"https:\\\/\\\/connectorworldtrade.com\\\/en\\\/#website\"},\"primaryImageOfPage\":{\"@id\":\"https:\\\/\\\/connectorworldtrade.com\\\/en\\\/product\\\/hsgm-ru-blade-o-3mm-o-160mm\\\/#primaryimage\"},\"image\":{\"@id\":\"https:\\\/\\\/connectorworldtrade.com\\\/en\\\/product\\\/hsgm-ru-blade-o-3mm-o-160mm\\\/#primaryimage\"},\"thumbnailUrl\":\"https:\\\/\\\/connectorworldtrade.com\\\/wp-content\\\/uploads\\\/2021\\\/04\\\/RU-mes_shop-1.jpg\",\"datePublished\":\"2016-04-05T08:26:56+00:00\",\"dateModified\":\"2021-04-12T14:36:16+00:00\",\"description\":\"HSGM RU-blade \u00d8 3mm to \u00d8 160mm are specially designed to cut and seal a hole\\\/circle in synthetic fabrics such as textiles, tarpaulin, etc.\",\"breadcrumb\":{\"@id\":\"https:\\\/\\\/connectorworldtrade.com\\\/en\\\/product\\\/hsgm-ru-blade-o-3mm-o-160mm\\\/#breadcrumb\"},\"inLanguage\":\"en-US\",\"potentialAction\":[{\"@type\":\"ReadAction\",\"target\":[\"https:\\\/\\\/connectorworldtrade.com\\\/en\\\/product\\\/hsgm-ru-blade-o-3mm-o-160mm\\\/\"]}]},{\"@type\":\"ImageObject\",\"inLanguage\":\"en-US\",\"@id\":\"https:\\\/\\\/connectorworldtrade.com\\\/en\\\/product\\\/hsgm-ru-blade-o-3mm-o-160mm\\\/#primaryimage\",\"url\":\"https:\\\/\\\/connectorworldtrade.com\\\/wp-content\\\/uploads\\\/2021\\\/04\\\/RU-mes_shop-1.jpg\",\"contentUrl\":\"https:\\\/\\\/connectorworldtrade.com\\\/wp-content\\\/uploads\\\/2021\\\/04\\\/RU-mes_shop-1.jpg\",\"width\":1000,\"height\":1000,\"caption\":\"RU-mes\"},{\"@type\":\"BreadcrumbList\",\"@id\":\"https:\\\/\\\/connectorworldtrade.com\\\/en\\\/product\\\/hsgm-ru-blade-o-3mm-o-160mm\\\/#breadcrumb\",\"itemListElement\":[{\"@type\":\"ListItem\",\"position\":1,\"name\":\"Home\",\"item\":\"https:\\\/\\\/connectorworldtrade.com\\\/en\\\/\"},{\"@type\":\"ListItem\",\"position\":2,\"name\":\"Shop\",\"item\":\"https:\\\/\\\/connectorworldtrade.com\\\/en\\\/shop\\\/\"},{\"@type\":\"ListItem\",\"position\":3,\"name\":\"HSGM RU-blade \u00d8 3mm &#8211; \u00d8 160mm\"}]},{\"@type\":\"WebSite\",\"@id\":\"https:\\\/\\\/connectorworldtrade.com\\\/en\\\/#website\",\"url\":\"https:\\\/\\\/connectorworldtrade.com\\\/en\\\/\",\"name\":\"Connector World Trade\",\"description\":\"Connector World Trade\",\"potentialAction\":[{\"@type\":\"SearchAction\",\"target\":{\"@type\":\"EntryPoint\",\"urlTemplate\":\"https:\\\/\\\/connectorworldtrade.com\\\/en\\\/?s={search_term_string}\"},\"query-input\":{\"@type\":\"PropertyValueSpecification\",\"valueRequired\":true,\"valueName\":\"search_term_string\"}}],\"inLanguage\":\"en-US\"}]}<\/script>\n<!-- \/ Yoast SEO plugin. -->","yoast_head_json":{"title":"HSGM RU-blade \u00d8 3mm - \u00d8 160mm","description":"HSGM RU-blade \u00d8 3mm to \u00d8 160mm are specially designed to cut and seal a hole\/circle in synthetic fabrics such as textiles, tarpaulin, etc.","robots":{"index":"index","follow":"follow","max-snippet":"max-snippet:-1","max-image-preview":"max-image-preview:large","max-video-preview":"max-video-preview:-1"},"canonical":"https:\/\/connectorworldtrade.com\/en\/product\/hsgm-ru-blade-o-3mm-o-160mm\/","og_locale":"en_US","og_type":"article","og_title":"HSGM RU-blade \u00d8 3mm - \u00d8 160mm","og_description":"HSGM RU-blade \u00d8 3mm to \u00d8 160mm are specially designed to cut and seal a hole\/circle in synthetic fabrics such as textiles, tarpaulin, etc.","og_url":"https:\/\/connectorworldtrade.com\/en\/product\/hsgm-ru-blade-o-3mm-o-160mm\/","og_site_name":"Connector World Trade","article_modified_time":"2021-04-12T14:36:16+00:00","og_image":[{"width":1000,"height":1000,"url":"https:\/\/connectorworldtrade.com\/wp-content\/uploads\/2021\/04\/RU-mes_shop-1.jpg","type":"image\/jpeg"}],"twitter_card":"summary_large_image","schema":{"@context":"https:\/\/schema.org","@graph":[{"@type":"WebPage","@id":"https:\/\/connectorworldtrade.com\/en\/product\/hsgm-ru-blade-o-3mm-o-160mm\/","url":"https:\/\/connectorworldtrade.com\/en\/product\/hsgm-ru-blade-o-3mm-o-160mm\/","name":"HSGM RU-blade \u00d8 3mm - \u00d8 160mm","isPartOf":{"@id":"https:\/\/connectorworldtrade.com\/en\/#website"},"primaryImageOfPage":{"@id":"https:\/\/connectorworldtrade.com\/en\/product\/hsgm-ru-blade-o-3mm-o-160mm\/#primaryimage"},"image":{"@id":"https:\/\/connectorworldtrade.com\/en\/product\/hsgm-ru-blade-o-3mm-o-160mm\/#primaryimage"},"thumbnailUrl":"https:\/\/connectorworldtrade.com\/wp-content\/uploads\/2021\/04\/RU-mes_shop-1.jpg","datePublished":"2016-04-05T08:26:56+00:00","dateModified":"2021-04-12T14:36:16+00:00","description":"HSGM RU-blade \u00d8 3mm to \u00d8 160mm are specially designed to cut and seal a hole\/circle in synthetic fabrics such as textiles, tarpaulin, etc.","breadcrumb":{"@id":"https:\/\/connectorworldtrade.com\/en\/product\/hsgm-ru-blade-o-3mm-o-160mm\/#breadcrumb"},"inLanguage":"en-US","potentialAction":[{"@type":"ReadAction","target":["https:\/\/connectorworldtrade.com\/en\/product\/hsgm-ru-blade-o-3mm-o-160mm\/"]}]},{"@type":"ImageObject","inLanguage":"en-US","@id":"https:\/\/connectorworldtrade.com\/en\/product\/hsgm-ru-blade-o-3mm-o-160mm\/#primaryimage","url":"https:\/\/connectorworldtrade.com\/wp-content\/uploads\/2021\/04\/RU-mes_shop-1.jpg","contentUrl":"https:\/\/connectorworldtrade.com\/wp-content\/uploads\/2021\/04\/RU-mes_shop-1.jpg","width":1000,"height":1000,"caption":"RU-mes"},{"@type":"BreadcrumbList","@id":"https:\/\/connectorworldtrade.com\/en\/product\/hsgm-ru-blade-o-3mm-o-160mm\/#breadcrumb","itemListElement":[{"@type":"ListItem","position":1,"name":"Home","item":"https:\/\/connectorworldtrade.com\/en\/"},{"@type":"ListItem","position":2,"name":"Shop","item":"https:\/\/connectorworldtrade.com\/en\/shop\/"},{"@type":"ListItem","position":3,"name":"HSGM RU-blade \u00d8 3mm &#8211; \u00d8 160mm"}]},{"@type":"WebSite","@id":"https:\/\/connectorworldtrade.com\/en\/#website","url":"https:\/\/connectorworldtrade.com\/en\/","name":"Connector World Trade","description":"Connector World Trade","potentialAction":[{"@type":"SearchAction","target":{"@type":"EntryPoint","urlTemplate":"https:\/\/connectorworldtrade.com\/en\/?s={search_term_string}"},"query-input":{"@type":"PropertyValueSpecification","valueRequired":true,"valueName":"search_term_string"}}],"inLanguage":"en-US"}]}},"_links":{"self":[{"href":"https:\/\/connectorworldtrade.com\/en\/wp-json\/wp\/v2\/product\/9759","targetHints":{"allow":["GET"]}}],"collection":[{"href":"https:\/\/connectorworldtrade.com\/en\/wp-json\/wp\/v2\/product"}],"about":[{"href":"https:\/\/connectorworldtrade.com\/en\/wp-json\/wp\/v2\/types\/product"}],"replies":[{"embeddable":true,"href":"https:\/\/connectorworldtrade.com\/en\/wp-json\/wp\/v2\/comments?post=9759"}],"wp:featuredmedia":[{"embeddable":true,"href":"https:\/\/connectorworldtrade.com\/en\/wp-json\/wp\/v2\/media\/17093"}],"wp:attachment":[{"href":"https:\/\/connectorworldtrade.com\/en\/wp-json\/wp\/v2\/media?parent=9759"}],"wp:term":[{"taxonomy":"product_brand","embeddable":true,"href":"https:\/\/connectorworldtrade.com\/en\/wp-json\/wp\/v2\/product_brand?post=9759"},{"taxonomy":"product_cat","embeddable":true,"href":"https:\/\/connectorworldtrade.com\/en\/wp-json\/wp\/v2\/product_cat?post=9759"},{"taxonomy":"product_tag","embeddable":true,"href":"https:\/\/connectorworldtrade.com\/en\/wp-json\/wp\/v2\/product_tag?post=9759"}],"curies":[{"name":"wp","href":"https:\/\/api.w.org\/{rel}","templated":true}]}}